{"id":753,"date":"2020-07-07T02:29:57","date_gmt":"2020-07-07T02:29:57","guid":{"rendered":"https:\/\/fundacionremanente.org\/web\/?page_id=753"},"modified":"2024-03-17T04:15:45","modified_gmt":"2024-03-17T04:15:45","slug":"comunidad","status":"publish","type":"page","link":"https:\/\/fundacionremanente.org\/web\/comunidad\/","title":{"rendered":"Comunidad"},"content":{"rendered":"<div id=\"pl-753\"  class=\"panel-layout\" ><div id=\"pg-753-0\"  class=\"panel-grid panel-no-style\" ><div id=\"pgc-753-0-0\"  class=\"panel-grid-cell\" ><div id=\"panel-753-0-0-0\" class=\"so-panel widget widget_themegrill_flash_slider tg-section tg-slider-widget panel-first-child panel-last-child\" data-index=\"0\" ><div class=\"tg-slider-widget slider-light slider-content-center slider-control-center full-width\">\n\t<div class=\"swiper-container\">\n\t\t<div class=\"swiper-wrapper\">\n\t\t\t\n\t\t\t\t\t<div class=\"swiper-slide\">\n\t\t\t\t\t\t<figure class=\"slider-image\" >\n\t\t\t\t\t\t\t<img fetchpriority=\"high\" width=\"2560\" height=\"839\"\t\t\t\t\t\t\t\t\tsrc=\"https:\/\/fundacionremanente.org\/web\/wp-content\/uploads\/2021\/02\/4_5-scaled.jpg\"\n\t\t\t\t\t\t\t\t\talt=\"\"\n\t\t\t\t\t\t\t\t\ttitle=\"\"\/>\n\t\t\t\t\t\t\t<div class=\"overlay\"><\/div>\n\t\t\t\t\t\t<\/figure>\n\t\t\t\t\t\t<div class=\"slider-content\">\n\t\t\t\t\t\t\t<div class=\"tg-container\">\n\t\t\t\t\t\t\t\t<div class=\"caption-title\"><\/div>\n\t\t\t\t\t\t\t\t<div class=\"caption-desc\"><\/div>\n\t\t\t\t\t\t\t\t\t\t\t\t\t\t\t<\/div>\n\t\t\t\t\t\t<\/div>\n\t\t\t\t\t<\/div>\n\n\t\t\t\t\t\t<\/div>\n\t\t<div class=\"swiper-pagination\"><\/div>\n\t\t<div class=\"slider-arrow\">\n\t\t\t<div class=\"swiper-button-next\"><\/div>\n\t\t\t<div class=\"swiper-button-prev\"><\/div>\n\t\t<\/div>\n\t<\/div>\n<\/div>\n<\/div><\/div><\/div><div id=\"pg-753-1\"  class=\"panel-grid panel-no-style\" ><div id=\"pgc-753-1-0\"  class=\"panel-grid-cell\" ><div id=\"panel-753-1-0-0\" class=\"so-panel widget widget_themegrill_flash_heading tg-widget section-title-wrapper panel-first-child panel-last-child\" data-index=\"1\" ><\/div><\/div><\/div><div id=\"pg-753-2\"  class=\"panel-grid panel-no-style\" ><div id=\"pgc-753-2-0\"  class=\"panel-grid-cell\" ><div id=\"panel-753-2-0-0\" class=\"so-panel widget widget_siteorigin-panels-builder panel-first-child panel-last-child\" data-index=\"2\" ><div id=\"pl-w5f77bed0da27b\"  class=\"panel-layout\" ><div id=\"pg-w5f77bed0da27b-0\"  class=\"panel-grid panel-no-style\" ><div id=\"pgc-w5f77bed0da27b-0-0\"  class=\"panel-grid-cell\" ><div id=\"panel-w5f77bed0da27b-0-0-0\" class=\"so-panel widget widget_themegrill_flash_heading tg-widget section-title-wrapper panel-first-child panel-last-child\" data-index=\"0\" >\t<h3 class=\"section-title\">Comunidad<\/h3>\n\t<div class=\"section-description\">Nuestra sede, que funciona como CENTRO DE EDUCACI\u00d3N EMOCIONAL para poblaci\u00f3n vulnerable, se encuentra ubicada en la localidad de Suba, un sector en donde el mayor porcentaje de la poblaci\u00f3n se dedica al reciclaje. Desde all\u00ed trabajamos con ni\u00f1os, ni\u00f1as y adolescentes con edades comprendidas entre los 4 y 18 a\u00f1os, cuyas caracter\u00edsticas socio econ\u00f3micas los exponen a los siguientes factores de riesgo:<\/div>\n<\/div><\/div><\/div><div id=\"pg-w5f77bed0da27b-1\"  class=\"panel-grid panel-no-style\" ><div id=\"pgc-w5f77bed0da27b-1-0\"  class=\"panel-grid-cell\" ><div id=\"panel-w5f77bed0da27b-1-0-0\" class=\"so-panel widget widget_themegrill_flash_service tg-widget tg-single-service panel-first-child panel-last-child\" data-index=\"1\" >\n<div class=\"tg-service-widget tg-service-layout-2\">\n\t<div class=\"service-wrapper\">\n\t\t<div class=\"service-icon-title-wrapper clearfix\">\n\t\t\t\t\t\t<div class=\"service-icon-wrap\"><i class=\"fa fa-close\"><\/i><\/div>\n\t\t\t\t\t\t\t\t\t\t\t\t<h3 class=\"service-title-wrap\">\n\t\t\t\tCarencias econ\u00f3micas\t\t\t\t\t\t\t<\/h3>\n\t\t\t\t\t<\/div>\n\t\t\t\t\t<\/div>\n<\/div>\n<\/div><\/div><div id=\"pgc-w5f77bed0da27b-1-1\"  class=\"panel-grid-cell\" ><div id=\"panel-w5f77bed0da27b-1-1-0\" class=\"so-panel widget widget_themegrill_flash_service tg-widget tg-single-service panel-first-child panel-last-child\" data-index=\"2\" >\n<div class=\"tg-service-widget tg-service-layout-2\">\n\t<div class=\"service-wrapper\">\n\t\t<div class=\"service-icon-title-wrapper clearfix\">\n\t\t\t\t\t\t<div class=\"service-icon-wrap\"><i class=\"fa fa-close\"><\/i><\/div>\n\t\t\t\t\t\t\t\t\t\t\t\t<h3 class=\"service-title-wrap\">\n\t\t\t\tCarencias afectivas\t\t\t\t\t\t\t<\/h3>\n\t\t\t\t\t<\/div>\n\t\t\t\t\t<\/div>\n<\/div>\n<\/div><\/div><div id=\"pgc-w5f77bed0da27b-1-2\"  class=\"panel-grid-cell\" ><div id=\"panel-w5f77bed0da27b-1-2-0\" class=\"so-panel widget widget_themegrill_flash_service tg-widget tg-single-service panel-first-child panel-last-child\" data-index=\"3\" >\n<div class=\"tg-service-widget tg-service-layout-2\">\n\t<div class=\"service-wrapper\">\n\t\t<div class=\"service-icon-title-wrapper clearfix\">\n\t\t\t\t\t\t<div class=\"service-icon-wrap\"><i class=\"fa fa-close\"><\/i><\/div>\n\t\t\t\t\t\t\t\t\t\t\t\t<h3 class=\"service-title-wrap\">\n\t\t\t\tFalta de acceso y oportunidades\t\t\t\t\t\t\t<\/h3>\n\t\t\t\t\t<\/div>\n\t\t\t\t\t<\/div>\n<\/div>\n<\/div><\/div><div id=\"pgc-w5f77bed0da27b-1-3\"  class=\"panel-grid-cell\" ><div id=\"panel-w5f77bed0da27b-1-3-0\" class=\"so-panel widget widget_themegrill_flash_service tg-widget tg-single-service panel-first-child panel-last-child\" data-index=\"4\" >\n<div class=\"tg-service-widget tg-service-layout-2\">\n\t<div class=\"service-wrapper\">\n\t\t<div class=\"service-icon-title-wrapper clearfix\">\n\t\t\t\t\t\t<div class=\"service-icon-wrap\"><i class=\"fa fa-close\"><\/i><\/div>\n\t\t\t\t\t\t\t\t\t\t\t\t<h3 class=\"service-title-wrap\">\n\t\t\t\tDesigualdad\t\t\t\t\t\t\t<\/h3>\n\t\t\t\t\t<\/div>\n\t\t\t\t\t<\/div>\n<\/div>\n<\/div><\/div><\/div><div id=\"pg-w5f77bed0da27b-2\"  class=\"panel-grid panel-no-style\" ><div id=\"pgc-w5f77bed0da27b-2-0\"  class=\"panel-grid-cell\" ><div id=\"panel-w5f77bed0da27b-2-0-0\" class=\"so-panel widget widget_themegrill_flash_heading tg-widget section-title-wrapper panel-first-child\" data-index=\"5\" ><\/div><div id=\"panel-w5f77bed0da27b-2-0-1\" class=\"so-panel widget widget_themegrill_flash_heading tg-widget section-title-wrapper panel-last-child\" data-index=\"6\" >\t<h3 class=\"section-title\">\u00bfC\u00d3MO INTERVENIMOS?<\/h3>\n\t<div class=\"section-description\">En la sede de nuestra Fundaci\u00f3n los ni\u00f1os, ni\u00f1as y adolescentes beneficiarios de nuestros programas encuentran un espacio en donde se logra:<\/div>\n<\/div><\/div><\/div><div id=\"pg-w5f77bed0da27b-3\"  class=\"panel-grid panel-no-style\" ><div id=\"pgc-w5f77bed0da27b-3-0\"  class=\"panel-grid-cell\" ><div id=\"panel-w5f77bed0da27b-3-0-0\" class=\"so-panel widget widget_themegrill_flash_service tg-widget tg-single-service panel-first-child panel-last-child\" data-index=\"7\" >\n<div class=\"tg-service-widget tg-service-layout-2\">\n\t<div class=\"service-wrapper\">\n\t\t<div class=\"service-icon-title-wrapper clearfix\">\n\t\t\t\t\t\t<div class=\"service-icon-wrap\"><i class=\"fa fa-check\"><\/i><\/div>\n\t\t\t\t\t\t\t\t\t\t\t\t<h3 class=\"service-title-wrap\">\n\t\t\t\tPromover el fortalecimiento de h\u00e1bitos favorables.\t\t\t\t\t\t\t<\/h3>\n\t\t\t\t\t<\/div>\n\t\t\t\t\t<\/div>\n<\/div>\n<\/div><\/div><div id=\"pgc-w5f77bed0da27b-3-1\"  class=\"panel-grid-cell\" ><div id=\"panel-w5f77bed0da27b-3-1-0\" class=\"so-panel widget widget_themegrill_flash_service tg-widget tg-single-service panel-first-child panel-last-child\" data-index=\"8\" >\n<div class=\"tg-service-widget tg-service-layout-2\">\n\t<div class=\"service-wrapper\">\n\t\t<div class=\"service-icon-title-wrapper clearfix\">\n\t\t\t\t\t\t<div class=\"service-icon-wrap\"><i class=\"fa fa-check\"><\/i><\/div>\n\t\t\t\t\t\t\t\t\t\t\t\t<h3 class=\"service-title-wrap\">\n\t\t\t\tBrindar espacios de aceptaci\u00f3n, afecto y reconocimiento.\t\t\t\t\t\t\t<\/h3>\n\t\t\t\t\t<\/div>\n\t\t\t\t\t<\/div>\n<\/div>\n<\/div><\/div><div id=\"pgc-w5f77bed0da27b-3-2\"  class=\"panel-grid-cell\" ><div id=\"panel-w5f77bed0da27b-3-2-0\" class=\"so-panel widget widget_themegrill_flash_service tg-widget tg-single-service panel-first-child panel-last-child\" data-index=\"9\" >\n<div class=\"tg-service-widget tg-service-layout-2\">\n\t<div class=\"service-wrapper\">\n\t\t<div class=\"service-icon-title-wrapper clearfix\">\n\t\t\t\t\t\t<div class=\"service-icon-wrap\"><i class=\"fa fa-check\"><\/i><\/div>\n\t\t\t\t\t\t\t\t\t\t\t\t<h3 class=\"service-title-wrap\">\n\t\t\t\tCrear espacios de aprovechamiento de tiempo libre\t\t\t\t\t\t\t<\/h3>\n\t\t\t\t\t<\/div>\n\t\t\t\t\t<\/div>\n<\/div>\n<\/div><\/div><div id=\"pgc-w5f77bed0da27b-3-3\"  class=\"panel-grid-cell\" ><div id=\"panel-w5f77bed0da27b-3-3-0\" class=\"so-panel widget widget_themegrill_flash_service tg-widget tg-single-service panel-first-child panel-last-child\" data-index=\"10\" >\n<div class=\"tg-service-widget tg-service-layout-2\">\n\t<div class=\"service-wrapper\">\n\t\t<div class=\"service-icon-title-wrapper clearfix\">\n\t\t\t\t\t\t<div class=\"service-icon-wrap\"><i class=\"fa fa-check\"><\/i><\/div>\n\t\t\t\t\t\t\t\t\t\t\t\t<h3 class=\"service-title-wrap\">\n\t\t\t\tDesarrollar la creatividad, como medio de transformaci\u00f3n\t\t\t\t\t\t\t<\/h3>\n\t\t\t\t\t<\/div>\n\t\t\t\t\t<\/div>\n<\/div>\n<\/div><\/div><div id=\"pgc-w5f77bed0da27b-3-4\"  class=\"panel-grid-cell\" ><div id=\"panel-w5f77bed0da27b-3-4-0\" class=\"so-panel widget widget_themegrill_flash_service tg-widget tg-single-service panel-first-child panel-last-child\" data-index=\"11\" >\n<div class=\"tg-service-widget tg-service-layout-2\">\n\t<div class=\"service-wrapper\">\n\t\t<div class=\"service-icon-title-wrapper clearfix\">\n\t\t\t\t\t\t<div class=\"service-icon-wrap\"><i class=\"fa fa-check\"><\/i><\/div>\n\t\t\t\t\t\t\t\t\t\t\t\t<h3 class=\"service-title-wrap\">\n\t\t\t\tFavorecer la construcci\u00f3n de su proyecto de vida\t\t\t\t\t\t\t<\/h3>\n\t\t\t\t\t<\/div>\n\t\t\t\t\t<\/div>\n<\/div>\n<\/div><\/div><\/div><\/div><\/div><\/div><\/div><div id=\"pg-753-3\"  class=\"panel-grid panel-has-style\" ><div class=\"siteorigin-panels-stretch panel-row-style panel-row-style-for-753-3\" data-stretch-type=\"full\" ><div id=\"pgc-753-3-0\"  class=\"panel-grid-cell\" ><div id=\"panel-753-3-0-0\" class=\"so-panel widget widget_siteorigin-panels-builder panel-first-child panel-last-child\" data-index=\"3\" ><div id=\"pl-w5f0657b8723e5\"  class=\"panel-layout\" ><div id=\"pg-w5f0657b8723e5-0\"  class=\"panel-grid panel-no-style\" ><div id=\"pgc-w5f0657b8723e5-0-0\"  class=\"panel-grid-cell\" ><div id=\"panel-w5f0657b8723e5-0-0-0\" class=\"so-panel widget widget_themegrill_flash_heading tg-widget section-title-wrapper panel-first-child panel-last-child\" data-index=\"0\" >\t<h3 class=\"section-title\">Programas<\/h3>\n<\/div><\/div><\/div><div id=\"pg-w5f0657b8723e5-1\"  class=\"panel-grid panel-no-style\" ><div id=\"pgc-w5f0657b8723e5-1-0\"  class=\"panel-grid-cell\" ><div id=\"panel-w5f0657b8723e5-1-0-0\" class=\"so-panel widget widget_themegrill_flash_team tg-widget tg-single-team panel-first-child panel-last-child\" data-index=\"1\" ><div class=\"tg-team-widget tg-team-layout-1\">\n\t<div class=\"team-wrapper\">\n\t\t\t\t<div class=\"team-img\">\n\t\t\t\t\t\t<img decoding=\"async\" src=\"https:\/\/fundacionremanente.org\/web\/wp-content\/uploads\/2020\/07\/p2.jpg\" alt=\"PROGRAMA ARTISTAS\"\/>\n\t\t<\/div>\n\t\t\t\t<div class=\"team-content-wrapper\">\n\t\t\t<div class=\"team-desc-wrapper\">\n\t\t\t\t<h3 class=\"team-title\">PROGRAMA ARTISTAS<\/h3>\n\t\t\t\t<div class=\"team-designation\"><\/div>\n\t\t\t\t<div class=\"team-content\">Talleres basados en diferentes disciplinas como teatro, danza y m\u00fasica, a trav\u00e9s de los cuales se logra el reconocimiento y fortalecimiento de talentos y destrezas. Como resultado de este programa, se realiza cada a\u00f1o una MUESTRA MUSICAL que es trasladada a diferentes escenarios.<\/div>\n\t\t\t\t\t\t\t<\/div>\n\t\t<\/div>\n\t<\/div>\n<\/div>\n<\/div><\/div><div id=\"pgc-w5f0657b8723e5-1-1\"  class=\"panel-grid-cell\" ><div id=\"panel-w5f0657b8723e5-1-1-0\" class=\"so-panel widget widget_themegrill_flash_team tg-widget tg-single-team panel-first-child panel-last-child\" data-index=\"2\" ><div class=\"tg-team-widget tg-team-layout-1\">\n\t<div class=\"team-wrapper\">\n\t\t\t\t<div class=\"team-img\">\n\t\t\t\t\t\t<img decoding=\"async\" src=\"https:\/\/fundacionremanente.org\/web\/wp-content\/uploads\/2020\/07\/p4.jpg\" alt=\"PROGRAMA CREATIVOS\"\/>\n\t\t<\/div>\n\t\t\t\t<div class=\"team-content-wrapper\">\n\t\t\t<div class=\"team-desc-wrapper\">\n\t\t\t\t<h3 class=\"team-title\">PROGRAMA CREATIVOS<\/h3>\n\t\t\t\t<div class=\"team-designation\"><\/div>\n\t\t\t\t<div class=\"team-content\">Un espacio en el que nuestros ni\u00f1os, ni\u00f1as y adolescentes logran desplegar sus talentos, capacidades y habilidades, mientras ocupan de manera provechosa su tiempo libre. <\/div>\n\t\t\t\t\t\t\t<\/div>\n\t\t<\/div>\n\t<\/div>\n<\/div>\n<\/div><\/div><div id=\"pgc-w5f0657b8723e5-1-2\"  class=\"panel-grid-cell\" ><div id=\"panel-w5f0657b8723e5-1-2-0\" class=\"so-panel widget widget_themegrill_flash_team tg-widget tg-single-team panel-first-child panel-last-child\" data-index=\"3\" ><div class=\"tg-team-widget tg-team-layout-1\">\n\t<div class=\"team-wrapper\">\n\t\t\t\t<div class=\"team-img\">\n\t\t\t\t\t\t<img decoding=\"async\" src=\"https:\/\/fundacionremanente.org\/web\/wp-content\/uploads\/2020\/07\/p3.jpg\" alt=\"PROGRAMA DE FORMACI\u00d3N EN VALORES\"\/>\n\t\t<\/div>\n\t\t\t\t<div class=\"team-content-wrapper\">\n\t\t\t<div class=\"team-desc-wrapper\">\n\t\t\t\t<h3 class=\"team-title\">PROGRAMA DE FORMACI\u00d3N EN VALORES<\/h3>\n\t\t\t\t<div class=\"team-designation\"><\/div>\n\t\t\t\t<div class=\"team-content\">Como parte de la formaci\u00f3n integral de nuestros beneficiarios, se destina un espacio para ense\u00f1ar principios fundamentados en la Palabra de Dios, fortaleciendo en ellos el percibirse como seres creados con un prop\u00f3sito especial.<\/div>\n\t\t\t\t\t\t\t<\/div>\n\t\t<\/div>\n\t<\/div>\n<\/div>\n<\/div><\/div><\/div><div id=\"pg-w5f0657b8723e5-2\"  class=\"panel-grid panel-no-style\" ><div id=\"pgc-w5f0657b8723e5-2-0\"  class=\"panel-grid-cell\" ><div id=\"panel-w5f0657b8723e5-2-0-0\" class=\"so-panel widget widget_themegrill_flash_team tg-widget tg-single-team panel-first-child panel-last-child\" data-index=\"4\" ><div class=\"tg-team-widget tg-team-layout-1\">\n\t<div class=\"team-wrapper\">\n\t\t\t\t<div class=\"team-img\">\n\t\t\t\t\t\t<img decoding=\"async\" src=\"https:\/\/fundacionremanente.org\/web\/wp-content\/uploads\/2020\/07\/p1.jpg\" alt=\"PROGRAMA EMPRENDEDORES\"\/>\n\t\t<\/div>\n\t\t\t\t<div class=\"team-content-wrapper\">\n\t\t\t<div class=\"team-desc-wrapper\">\n\t\t\t\t<h3 class=\"team-title\">PROGRAMA EMPRENDEDORES<\/h3>\n\t\t\t\t<div class=\"team-designation\"><\/div>\n\t\t\t\t<div class=\"team-content\">A trav\u00e9s del cual nos proponemos entregar herramientas a nuestros beneficiarios que favorezcan su proyecto de vida, potenciando sus capacidades. Hace parte de este programa el espacio denominado \u201cFERIA DE EMPRENDEDORES\u201d que se realiza cada a\u00f1o como cierre y que busca proporcionar un espacio para que nuestros beneficiarios puedan comercializar los productos elaborados durante el a\u00f1o.<\/div>\n\t\t\t\t\t\t\t<\/div>\n\t\t<\/div>\n\t<\/div>\n<\/div>\n<\/div><\/div><div id=\"pgc-w5f0657b8723e5-2-1\"  class=\"panel-grid-cell\" ><div id=\"panel-w5f0657b8723e5-2-1-0\" class=\"so-panel widget widget_themegrill_flash_team tg-widget tg-single-team panel-first-child panel-last-child\" data-index=\"5\" ><div class=\"tg-team-widget tg-team-layout-1\">\n\t<div class=\"team-wrapper\">\n\t\t\t\t<div class=\"team-img\">\n\t\t\t\t\t\t<img decoding=\"async\" src=\"https:\/\/fundacionremanente.org\/web\/wp-content\/uploads\/2020\/07\/p5.jpg\" alt=\"PROGRAMA RECREACI\u00d3N\"\/>\n\t\t<\/div>\n\t\t\t\t<div class=\"team-content-wrapper\">\n\t\t\t<div class=\"team-desc-wrapper\">\n\t\t\t\t<h3 class=\"team-title\">PROGRAMA RECREACI\u00d3N<\/h3>\n\t\t\t\t<div class=\"team-designation\"><\/div>\n\t\t\t\t<div class=\"team-content\">A trav\u00e9s de este programa dise\u00f1amos actividades recreativas, salidas, campamentos y celebraci\u00f3n de fechas especiales, con el fin de favorecer el sano esparcimiento y el fortalecimiento de v\u00ednculos afectivos entre sus pares. Hace parte de este programa la CELEBRACI\u00d3N NAVIDE\u00d1A, una fecha especial en donde nuestros beneficiarios reciben regalos.<\/div>\n\t\t\t\t\t\t\t<\/div>\n\t\t<\/div>\n\t<\/div>\n<\/div>\n<\/div><\/div><\/div><\/div><\/div><\/div><\/div><\/div><div id=\"pg-753-4\"  class=\"panel-grid panel-has-style\" ><div class=\"siteorigin-panels-stretch panel-row-style panel-row-style-for-753-4\" data-stretch-type=\"full-width-stretch\" ><div id=\"pgc-753-4-0\"  class=\"panel-grid-cell\" ><div id=\"panel-753-4-0-0\" class=\"so-panel widget widget_themegrill_flash_heading tg-widget section-title-wrapper panel-first-child\" data-index=\"4\" ><\/div><div id=\"panel-753-4-0-1\" class=\"so-panel widget widget_themegrill_flash_cta tg-widget call-to-action-section\" data-index=\"5\" ><div class=\"cta-wrapper call-to-action-section-layout-1\">\n\t<div class=\"section-title-wrapper\">\n\t\t\t\t<h3 class=\"section-title\">A veces no es solo brillar, tambi\u00e9n es ayudar a brillar a alguien m\u00e1s<\/h3>\n\t\t\t<\/div>\n\t\t<div class=\"btn-wrapper\">\n\t\t\t\t<a class=\"btn\" href=\"https:\/\/fundacionremanente.org\/web\/ayuda\/\">\u00bfC\u00d3MO AYUDAR?<\/a>\n\t\t\t\t\t\t<a class=\"btn\" href=\"https:\/\/fundacionremanente.org\/web\/formulario-voluntario\/\">C\u00d3MO SER VOLUNTARIO<\/a>\n\t\t\t<\/div>\n\t<\/div>\n<\/div><div id=\"panel-753-4-0-2\" class=\"so-panel widget widget_themegrill_flash_heading tg-widget section-title-wrapper panel-last-child\" data-index=\"6\" ><\/div><\/div><\/div><\/div><\/div>","protected":false},"excerpt":{"rendered":"<p>Comunidad Nuestra sede, que funciona como CENTRO DE EDUCACI\u00d3N EMOCIONAL para poblaci\u00f3n vulnerable, se encuentra ubicada en la localidad de [&hellip;]<\/p>\n","protected":false},"author":1,"featured_media":0,"parent":0,"menu_order":0,"comment_status":"closed","ping_status":"closed","template":"page-templates\/pagebuilder.php","meta":{"footnotes":""},"_links":{"self":[{"href":"https:\/\/fundacionremanente.org\/web\/wp-json\/wp\/v2\/pages\/753"}],"collection":[{"href":"https:\/\/fundacionremanente.org\/web\/wp-json\/wp\/v2\/pages"}],"about":[{"href":"https:\/\/fundacionremanente.org\/web\/wp-json\/wp\/v2\/types\/page"}],"author":[{"embeddable":true,"href":"https:\/\/fundacionremanente.org\/web\/wp-json\/wp\/v2\/users\/1"}],"replies":[{"embeddable":true,"href":"https:\/\/fundacionremanente.org\/web\/wp-json\/wp\/v2\/comments?post=753"}],"version-history":[{"count":141,"href":"https:\/\/fundacionremanente.org\/web\/wp-json\/wp\/v2\/pages\/753\/revisions"}],"predecessor-version":[{"id":2027,"href":"https:\/\/fundacionremanente.org\/web\/wp-json\/wp\/v2\/pages\/753\/revisions\/2027"}],"wp:attachment":[{"href":"https:\/\/fundacionremanente.org\/web\/wp-json\/wp\/v2\/media?parent=753"}],"curies":[{"name":"wp","href":"https:\/\/api.w.org\/{rel}","templated":true}]}}